{"id":13,"date":"2025-07-08T10:31:19","date_gmt":"2025-07-08T10:31:19","guid":{"rendered":"https:\/\/terbinus.com\/?page_id=13"},"modified":"2025-09-23T06:20:18","modified_gmt":"2025-09-23T06:20:18","slug":"home-page","status":"publish","type":"page","link":"https:\/\/terbinus.com\/","title":{"rendered":"NASLOVNA"},"content":{"rendered":"\n<div class=\"wp-block-cover alignfull has-accent-1-color has-text-color has-link-color wp-elements-57dc31cd1b35b5be75bf6b062dfe9357\" style=\"margin-top:0;margin-bottom:0;padding-top:200px;padding-right:var(--wp--preset--spacing--50);padding-bottom:200px;padding-left:var(--wp--preset--spacing--50);min-height:630px;aspect-ratio:unset;\"><img loading=\"lazy\" decoding=\"async\" width=\"1920\" height=\"1080\" class=\"wp-block-cover__image-background wp-image-52 size-full\" alt=\"\" src=\"https:\/\/terbinus.com\/wp-content\/uploads\/2025\/07\/BACKGROUND-01.jpg\" data-object-fit=\"cover\" srcset=\"https:\/\/terbinus.com\/wp-content\/uploads\/2025\/07\/BACKGROUND-01.jpg 1920w, https:\/\/terbinus.com\/wp-content\/uploads\/2025\/07\/BACKGROUND-01-300x169.jpg 300w, https:\/\/terbinus.com\/wp-content\/uploads\/2025\/07\/BACKGROUND-01-1024x576.jpg 1024w, https:\/\/terbinus.com\/wp-content\/uploads\/2025\/07\/BACKGROUND-01-768x432.jpg 768w, https:\/\/terbinus.com\/wp-content\/uploads\/2025\/07\/BACKGROUND-01-1536x864.jpg 1536w\" sizes=\"auto, (max-width: 1920px) 100vw, 1920px\" \/><span aria-hidden=\"true\" class=\"wp-block-cover__background has-background-dim-10 has-background-dim\" style=\"background-color:#486aad\"><\/span><div class=\"wp-block-cover__inner-container has-global-padding is-layout-constrained wp-container-core-cover-is-layout-ba55c2d5 wp-block-cover-is-layout-constrained\">\n<h1 class=\"wp-block-heading has-text-align-center is-style-default has-base-color has-text-color has-link-color wp-elements-4335a44391f01e8e1827332942f19c46\" style=\"font-size:clamp(1.502rem, 1.502rem + ((1vw - 0.2rem) * 1.565), 2.5rem);\">SIGURNA I POUZDANA ELEKTRO RJE\u0160ENJA<\/h1>\n\n\n\n<p class=\"has-text-align-center is-style-text-display has-base-color has-text-color has-link-color has-medium-font-size wp-elements-4d92ae415209de3e9a618c94973c6d9c is-style-text-display--1\">PROJEKTIRANJE &#8211; NADZOR &#8211; IZVO\u0110ENJE &#8211; PROJEKTIRANJE<\/p>\n\n\n\n<div class=\"wp-block-buttons alignfull is-content-justification-center is-layout-flex wp-container-core-buttons-is-layout-a89b3969 wp-block-buttons-is-layout-flex\"><\/div>\n<\/div><\/div>\n\n\n\n<div class=\"wp-block-group alignfull has-global-padding is-layout-constrained wp-container-core-group-is-layout-ebee8dc1 wp-block-group-is-layout-constrained\" style=\"margin-top:0;margin-bottom:0;padding-top:var(--wp--preset--spacing--50);padding-bottom:var(--wp--preset--spacing--50)\">\n<h2 class=\"wp-block-heading alignwide has-text-align-center has-x-large-font-size\">ELEKTRO USLUGE<\/h2>\n\n\n\n<div class=\"wp-block-columns alignwide is-layout-flex wp-container-core-columns-is-layout-28f84493 wp-block-columns-is-layout-flex\">\n<div class=\"wp-block-column is-layout-flow wp-block-column-is-layout-flow\">\n<div class=\"wp-block-group has-global-padding is-layout-constrained wp-block-group-is-layout-constrained\">\n<figure class=\"wp-block-image size-full is-resized has-custom-border\" style=\"margin-bottom:24px\"><img loading=\"lazy\" decoding=\"async\" width=\"512\" height=\"380\" src=\"https:\/\/terbinus.com\/wp-content\/uploads\/2025\/07\/highlights-BCG-01.jpg\" alt=\"\" class=\"wp-image-93\" style=\"border-radius:25px;aspect-ratio:4\/3;object-fit:cover;width:512px\" srcset=\"https:\/\/terbinus.com\/wp-content\/uploads\/2025\/07\/highlights-BCG-01.jpg 512w, https:\/\/terbinus.com\/wp-content\/uploads\/2025\/07\/highlights-BCG-01-300x223.jpg 300w\" sizes=\"auto, (max-width: 512px) 100vw, 512px\" \/><\/figure>\n\n\n\n<p class=\"is-style-default has-large-font-size\"><strong>PROJEKTIRANJE<\/strong><\/p>\n\n\n\n<p class=\"has-medium-font-size\">Nudimo projektiranje svih vrsta elektrosustava \u2013&nbsp;od idejnog rje\u0161enja do izvedbe.&nbsp;Precizno planiramo, crtamo i dokumentiramo&nbsp;elektroinstalacije za stambene i poslovne objekte.&nbsp;<\/p>\n\n\n\n<p class=\"has-medium-font-size\">Na\u0161 tim osigurava funkcionalna, sigurna i zakonski uskla\u0111ena tehni\u010dka rje\u0161enja.<\/p>\n<\/div>\n<\/div>\n\n\n\n<div class=\"wp-block-column is-layout-flow wp-block-column-is-layout-flow\">\n<figure class=\"wp-block-image size-full is-resized has-custom-border\" style=\"margin-bottom:24px\"><img loading=\"lazy\" decoding=\"async\" width=\"512\" height=\"380\" src=\"https:\/\/terbinus.com\/wp-content\/uploads\/2025\/07\/highlights-BCG-02.jpg\" alt=\"\" class=\"wp-image-94\" style=\"border-radius:25px;aspect-ratio:4\/3;object-fit:cover;width:512px\" srcset=\"https:\/\/terbinus.com\/wp-content\/uploads\/2025\/07\/highlights-BCG-02.jpg 512w, https:\/\/terbinus.com\/wp-content\/uploads\/2025\/07\/highlights-BCG-02-300x223.jpg 300w\" sizes=\"auto, (max-width: 512px) 100vw, 512px\" \/><\/figure>\n\n\n\n<p class=\"has-large-font-size\"><strong>NADZOR<\/strong><\/p>\n\n\n\n<p class=\"has-medium-font-size\">Pratimo izvo\u0111enje elektro radova na terenu.&nbsp;<\/p>\n\n\n\n<p class=\"has-medium-font-size\">Osiguravamo kvalitetu, sigurnost i uskla\u0111enost&nbsp;s projektima i zakonskim propisima.&nbsp;Iskusni in\u017eenjeri nadziru svaki korak&nbsp;i pravovremeno reagiraju na odstupanja.<\/p>\n\n\n\n<p class=\"has-medium-font-size\">&nbsp;Va\u0161 projekt u sigurnim rukama.<\/p>\n<\/div>\n\n\n\n<div class=\"wp-block-column is-layout-flow wp-block-column-is-layout-flow\">\n<figure class=\"wp-block-image size-full is-resized has-custom-border\" style=\"margin-bottom:24px\"><img loading=\"lazy\" decoding=\"async\" width=\"512\" height=\"380\" src=\"https:\/\/terbinus.com\/wp-content\/uploads\/2025\/07\/highlights-BCG-03.jpg\" alt=\"\" class=\"wp-image-95\" style=\"border-radius:25px;aspect-ratio:4\/3;object-fit:cover;width:512px\" srcset=\"https:\/\/terbinus.com\/wp-content\/uploads\/2025\/07\/highlights-BCG-03.jpg 512w, https:\/\/terbinus.com\/wp-content\/uploads\/2025\/07\/highlights-BCG-03-300x223.jpg 300w\" sizes=\"auto, (max-width: 512px) 100vw, 512px\" \/><\/figure>\n\n\n\n<p class=\"has-large-font-size\"><strong>IZVO\u0110ENJE<\/strong><\/p>\n\n\n\n<p class=\"has-medium-font-size\">Izvodimo elektroinstalaterske radove po projektu \u2013 brzo, precizno i stru\u010dno.<\/p>\n\n\n\n<p class=\"has-medium-font-size\">Radimo na novogradnjama i adaptacijama&nbsp;za privatne, poslovne i industrijske objekte.&nbsp;Po\u0161tujemo rokove i dogovorene uvjete.&nbsp;<\/p>\n\n\n\n<p class=\"has-medium-font-size\">Va\u0161a ideja pretvorena u stvarnost.<\/p>\n<\/div>\n\n\n\n<div class=\"wp-block-column is-layout-flow wp-block-column-is-layout-flow\">\n<figure class=\"wp-block-image size-full is-resized has-custom-border\" style=\"margin-bottom:24px\"><img loading=\"lazy\" decoding=\"async\" width=\"512\" height=\"380\" src=\"https:\/\/terbinus.com\/wp-content\/uploads\/2025\/07\/highlights-BCG-04.jpg\" alt=\"\" class=\"wp-image-96\" style=\"border-radius:25px;aspect-ratio:4\/3;object-fit:cover;width:512px\" srcset=\"https:\/\/terbinus.com\/wp-content\/uploads\/2025\/07\/highlights-BCG-04.jpg 512w, https:\/\/terbinus.com\/wp-content\/uploads\/2025\/07\/highlights-BCG-04-300x223.jpg 300w\" sizes=\"auto, (max-width: 512px) 100vw, 512px\" \/><\/figure>\n\n\n\n<p class=\"has-large-font-size\"><strong>ISPITIVANJE<\/strong><\/p>\n\n\n\n<p class=\"has-medium-font-size\">Izvodimo ispitivanja elektroinstalacija i opreme&nbsp;kako bismo provjerili ispravnost i sigurnost&nbsp;sustava prije pu\u0161tanja u rad.&nbsp;&nbsp;<\/p>\n\n\n\n<p class=\"has-medium-font-size\">Koristimo profesionalne mjerne instrumente&nbsp;i isporu\u010dujemo detaljna ispitna izvje\u0161\u0107a.                               Sigurnost po\u010dinje provjerenim temeljima.<\/p>\n<\/div>\n<\/div>\n\n\n\n<div class=\"wp-block-buttons is-content-justification-center is-layout-flex wp-container-core-buttons-is-layout-a89b3969 wp-block-buttons-is-layout-flex\">\n<div class=\"wp-block-button has-custom-width wp-block-button__width-25\"><a class=\"wp-block-button__link has-small-font-size has-custom-font-size wp-element-button\" href=\"https:\/\/terbinus.com\/?page_id=37\" style=\"padding-top:var(--wp--preset--spacing--20);padding-right:var(--wp--preset--spacing--20);padding-bottom:var(--wp--preset--spacing--20);padding-left:var(--wp--preset--spacing--20)\">VI\u0160E<\/a><\/div>\n<\/div>\n<\/div>\n\n\n\n<div class=\"wp-block-group alignfull has-background has-global-padding is-layout-constrained wp-container-core-group-is-layout-4651deb1 wp-block-group-is-layout-constrained\" style=\"background-color:#2547a0;margin-top:0;margin-bottom:0;padding-top:var(--wp--preset--spacing--70);padding-bottom:var(--wp--preset--spacing--70)\">\n<div class=\"wp-block-columns alignwide is-layout-flex wp-container-core-columns-is-layout-08a2a807 wp-block-columns-is-layout-flex\">\n<div class=\"wp-block-column is-vertically-aligned-center is-layout-flow wp-block-column-is-layout-flow\">\n<h2 class=\"wp-block-heading has-base-color has-text-color has-link-color has-xx-large-font-size wp-elements-027f15bc5ea62004957526cd888213b0\">SOLARNE ELEKTRANE<\/h2>\n\n\n\n<p class=\"has-accent-1-color has-text-color has-link-color wp-elements-6b10a27ce3070f87ea8c2460d94b5b9f\">KOMPLETNA USLUGA NA JEDNOM MJESTU<\/p>\n\n\n\n<p class=\"has-base-color has-text-color has-link-color has-medium-font-size wp-elements-07f142a73652f183c1c522c3f004ce88\">Iskoristite snagu sunca i smanjite ra\u010dune za elektri\u010dnu energiju uz na\u0161u potpunu uslugu solarnih elektrana. Nudimo&nbsp;<strong>prodaju solarnih panela i opreme<\/strong>,&nbsp;<strong>stru\u010dno projektiranje sustava<\/strong>,&nbsp;<strong>profesionalnu monta\u017eu<\/strong>&nbsp;i&nbsp;<strong>kompletnu koordinaciju s HEP-om<\/strong>&nbsp;\u2013 od prve ideje do priklju\u010denja na mre\u017eu.<\/p>\n\n\n\n<p class=\"has-base-color has-text-color has-link-color has-medium-font-size wp-elements-a662973547e8639459200db751bfc9c1\"><strong>Na\u0161 tim vodi cijeli proces:<\/strong><\/p>\n\n\n\n<ul style=\"margin-top:var(--wp--preset--spacing--40);margin-bottom:var(--wp--preset--spacing--40);padding-left:var(--wp--preset--spacing--30)\" class=\"wp-block-list is-style-checkmark-list\">\n<li class=\"has-base-color has-text-color has-link-color has-medium-font-size wp-elements-b2d019341ff0ea1936527c7007e04f80\">izra\u0111ujemo tehni\u010dku dokumentaciju,<\/li>\n\n\n\n<li class=\"has-base-color has-text-color has-link-color has-medium-font-size wp-elements-08558c22ca71b23c8fe6255115b737b3\">optimiziramo sustav prema va\u0161im potrebama,<\/li>\n\n\n\n<li class=\"has-base-color has-text-color has-link-color has-medium-font-size wp-elements-7dca97126783bce4ea3f1974e2ae861b\">i osiguravamo uredno izvo\u0111enje u skladu sa zakonima i standardima.<\/li>\n<\/ul>\n\n\n\n<p class=\"has-base-color has-text-color has-link-color has-medium-font-size wp-elements-2b453426c3731f7fc8c4d4dfbf52e350\">Bilo da ste vlasnik ku\u0107e, poduzetnik ili investitor, nudimo rje\u0161enja koja donose dugoro\u010dnu u\u0161tedu i energetsku neovisnost..<\/p>\n\n\n\n<div class=\"wp-block-buttons is-content-justification-left is-nowrap is-layout-flex wp-container-core-buttons-is-layout-92e17da2 wp-block-buttons-is-layout-flex\">\n<div class=\"wp-block-button has-custom-width wp-block-button__width-25 is-style-fill\"><a class=\"wp-block-button__link has-contrast-color has-accent-1-background-color has-text-color has-background has-link-color has-medium-font-size has-custom-font-size wp-element-button\" href=\"https:\/\/terbinus.com\/?page_id=42\" style=\"padding-top:var(--wp--preset--spacing--20);padding-right:var(--wp--preset--spacing--20);padding-bottom:var(--wp--preset--spacing--20);padding-left:var(--wp--preset--spacing--20)\">vi\u0161e<\/a><\/div>\n<\/div>\n<\/div>\n\n\n\n<div class=\"wp-block-column is-vertically-aligned-center is-layout-flow wp-block-column-is-layout-flow\">\n<figure class=\"wp-block-image size-full\"><img decoding=\"async\" src=\"https:\/\/terbinus.com\/wp-content\/themes\/twentytwentyfive\/assets\/images\/services-subscriber-photo.webp\" alt=\"Smartphones capturing a scenic wildflower meadow with trees\"\/><\/figure>\n<\/div>\n<\/div>\n<\/div>\n\n\n\n<div class=\"wp-block-group alignfull has-global-padding is-layout-constrained wp-block-group-is-layout-constrained\" style=\"margin-top:0;margin-bottom:0;padding-top:var(--wp--preset--spacing--60);padding-bottom:var(--wp--preset--spacing--60)\">\n<div class=\"wp-block-columns alignwide is-layout-flex wp-container-core-columns-is-layout-714d85e9 wp-block-columns-is-layout-flex\">\n<div class=\"wp-block-column is-layout-flow wp-block-column-is-layout-flow\">\n<div class=\"wp-block-columns is-layout-flex wp-container-core-columns-is-layout-08c01c1c wp-block-columns-is-layout-flex\">\n<div class=\"wp-block-column is-layout-flow wp-block-column-is-layout-flow\" style=\"flex-basis:64px\">\n<figure class=\"wp-block-image size-full is-resized is-style-rounded\"><img loading=\"lazy\" decoding=\"async\" width=\"512\" height=\"380\" src=\"https:\/\/terbinus.com\/wp-content\/uploads\/2025\/07\/highlights-BCG-02.jpg\" alt=\"\" class=\"wp-image-94\" style=\"aspect-ratio:1;object-fit:cover;width:64px\" srcset=\"https:\/\/terbinus.com\/wp-content\/uploads\/2025\/07\/highlights-BCG-02.jpg 512w, https:\/\/terbinus.com\/wp-content\/uploads\/2025\/07\/highlights-BCG-02-300x223.jpg 300w\" sizes=\"auto, (max-width: 512px) 100vw, 512px\" \/><\/figure>\n<\/div>\n\n\n\n<div class=\"wp-block-column is-layout-flow wp-block-column-is-layout-flow\">\n<blockquote class=\"wp-block-quote is-style-plain has-x-large-font-size is-layout-flow wp-container-core-quote-is-layout-119bc444 wp-block-quote-is-layout-flow is-style-plain--2\" style=\"font-style:normal;font-weight:400\">\n<p style=\"line-height:1.1\">\u201cBrza i profesionalna usluga od projektiranja do zavr\u0161nog ispitivanja. Sve je bilo jasno, sigurno i na vrijeme!\u201d<\/p>\n<cite>Ivan Radovi\u0107 <br><sub>Veliko Polje, Zagreb<\/sub><\/cite><\/blockquote>\n<\/div>\n<\/div>\n<\/div>\n\n\n\n<div class=\"wp-block-column is-layout-flow wp-block-column-is-layout-flow\">\n<div class=\"wp-block-columns is-layout-flex wp-container-core-columns-is-layout-08c01c1c wp-block-columns-is-layout-flex\">\n<div class=\"wp-block-column is-layout-flow wp-block-column-is-layout-flow\" style=\"flex-basis:64px\">\n<figure class=\"wp-block-image size-full is-resized is-style-rounded\"><img loading=\"lazy\" decoding=\"async\" width=\"512\" height=\"380\" src=\"https:\/\/terbinus.com\/wp-content\/uploads\/2025\/07\/highlights-BCG-02.jpg\" alt=\"\" class=\"wp-image-94\" style=\"aspect-ratio:1;object-fit:cover;width:64px\" srcset=\"https:\/\/terbinus.com\/wp-content\/uploads\/2025\/07\/highlights-BCG-02.jpg 512w, https:\/\/terbinus.com\/wp-content\/uploads\/2025\/07\/highlights-BCG-02-300x223.jpg 300w\" sizes=\"auto, (max-width: 512px) 100vw, 512px\" \/><\/figure>\n<\/div>\n\n\n\n<div class=\"wp-block-column is-layout-flow wp-block-column-is-layout-flow\">\n<blockquote class=\"wp-block-quote is-style-plain has-x-large-font-size is-layout-flow wp-container-core-quote-is-layout-119bc444 wp-block-quote-is-layout-flow is-style-plain--3\" style=\"font-style:normal;font-weight:400\">\n<p style=\"line-height:1.1\">\u201cPouzdani i precizni \u2013 tim kojem stvarno mo\u017eete vjerovati za kompletna elektro rje\u0161enja!\u201d<\/p>\n<cite>Goran Ivi\u0107<br><sub>Velika Gorica,<\/sub><\/cite><\/blockquote>\n<\/div>\n<\/div>\n<\/div>\n<\/div>\n<\/div>\n","protected":false},"excerpt":{"rendered":"<p>ELEKTRO USLUGE PROJEKTIRANJE Nudimo projektiranje svih vrsta elektrosustava \u2013&nbsp;od idejnog rje\u0161enja do izvedbe.&nbsp;Precizno planiramo, crtamo i dokumentiramo&nbsp;elektroinstalacije za stambene i poslovne objekte.&nbsp; Na\u0161 tim osigurava funkcionalna, sigurna i zakonski uskla\u0111ena tehni\u010dka rje\u0161enja. NADZOR Pratimo izvo\u0111enje elektro radova na terenu.&nbsp; Osiguravamo kvalitetu, sigurnost i uskla\u0111enost&nbsp;s projektima i zakonskim propisima.&nbsp;Iskusni in\u017eenjeri nadziru svaki korak&nbsp;i pravovremeno reagiraju na [&hellip;]<\/p>\n","protected":false},"author":1,"featured_media":0,"parent":0,"menu_order":0,"comment_status":"closed","ping_status":"closed","template":"page-no-title","meta":{"footnotes":""},"class_list":["post-13","page","type-page","status-publish","hentry"],"_links":{"self":[{"href":"https:\/\/terbinus.com\/index.php?rest_route=\/wp\/v2\/pages\/13","targetHints":{"allow":["GET"]}}],"collection":[{"href":"https:\/\/terbinus.com\/index.php?rest_route=\/wp\/v2\/pages"}],"about":[{"href":"https:\/\/terbinus.com\/index.php?rest_route=\/wp\/v2\/types\/page"}],"author":[{"embeddable":true,"href":"https:\/\/terbinus.com\/index.php?rest_route=\/wp\/v2\/users\/1"}],"replies":[{"embeddable":true,"href":"https:\/\/terbinus.com\/index.php?rest_route=%2Fwp%2Fv2%2Fcomments&post=13"}],"version-history":[{"count":32,"href":"https:\/\/terbinus.com\/index.php?rest_route=\/wp\/v2\/pages\/13\/revisions"}],"predecessor-version":[{"id":161,"href":"https:\/\/terbinus.com\/index.php?rest_route=\/wp\/v2\/pages\/13\/revisions\/161"}],"wp:attachment":[{"href":"https:\/\/terbinus.com\/index.php?rest_route=%2Fwp%2Fv2%2Fmedia&parent=13"}],"curies":[{"name":"wp","href":"https:\/\/api.w.org\/{rel}","templated":true}]}}